{"id":24,"date":"2015-06-19T14:02:08","date_gmt":"2015-06-19T12:02:08","guid":{"rendered":"http:\/\/kyudo-graz.at\/?page_id=24"},"modified":"2025-08-07T07:31:19","modified_gmt":"2025-08-07T05:31:19","slug":"startseite","status":"publish","type":"page","link":"https:\/\/kyudo-graz.at\/","title":{"rendered":"Willkommen"},"content":{"rendered":"<h4><span style=\"color: #0000ff;\">Ank\u00fcndigungen:<\/span><\/h4>\n<p style=\"text-align: center;\"><span style=\"color: #ff0000;\"><strong>Besucher:innen sind jederzeit herzlich willkommen.<br \/>Um kurze Voranmeldung wird gebeten <em> <a href=\"https:\/\/kyudo-graz.at\/index.php\/kontakt-2\/\">-&gt; Kontakt<\/a><\/em><\/strong><\/span><\/p>\n<p style=\"text-align: center;\">Anf\u00e4ngerkurse sind quartalsweise m\u00f6glich &#8211; Kosten: 90\u20ac<\/p>\n<p><span style=\"color: #0000ff;\"><strong>Neuigkeiten:<\/strong><\/span><\/p>\n<h4>Weiterentwicklung im Verein<\/h4>\n<p>Schie\u00dfen mit Kimono ist nun regelm\u00e4\u00dfiger Trainingsbestandteil!<\/p>\n<p><img loading=\"lazy\" decoding=\"async\" class=\"aligncenter wp-image-991 size-large\" src=\"https:\/\/kyudo-graz.at\/wp-content\/uploads\/Kimonotraining-900x408.jpg\" alt=\"\" width=\"900\" height=\"408\" srcset=\"https:\/\/kyudo-graz.at\/wp-content\/uploads\/Kimonotraining-900x408.jpg 900w, https:\/\/kyudo-graz.at\/wp-content\/uploads\/Kimonotraining-300x136.jpg 300w, https:\/\/kyudo-graz.at\/wp-content\/uploads\/Kimonotraining-768x348.jpg 768w, https:\/\/kyudo-graz.at\/wp-content\/uploads\/Kimonotraining.jpg 1149w\" sizes=\"auto, (max-width: 900px) 100vw, 900px\" \/><\/p>\n<h4>Erfolge 2025<\/h4>\n<h5>\u00f6sterreichische Kyudo-Meisterschaft 2025<\/h5>\n<p>Das Vereinsteam belegt den 3. Platz im Teambewerb<\/p>\n<h4>erfolge 2024<\/h4>\n<h5>Pr\u00fcfungserfolge 2024<\/h5>\n<p>Cesar Cano besteht den 3. Dan!<br \/>Eri Tanigaki besteht den 2. Dan!<br \/>Sebastian Bernhart-Straberger besteht den 1. Dan!<\/p>\n<p><em>Erstmals fanden die internationalen Dan-Pr\u00fcfungen in \u00d6sterreich statt.<br \/>Der gesamte Verein unterst\u00fctzt im Juli 2024 bei der Durchf\u00fchrung in Wien!<\/em><\/p>\n<h5>\u00f6sterreichische Kyudo-Meisterschaft 2024<\/h5>\n<p>Walter Becke belegt den 3. Platz in der Einzelmeisterschaft.<\/p>\n<h4>erfolge 2023<\/h4>\n<h5>Pr\u00fcfungserfolge 2023<\/h5>\n<p>Walter Becke besteht den 4. Dan!<\/p>\n<p>Reinhart Ciglenec besteht den 2. Dan!<\/p>\n<p>Eri Tanigaki besteht den 1. Dan!<\/p>\n<h5>\u00f6sterreichische Kyudo-Meisterschaft 2023<\/h5>\n<p>Walter Becke ist \u00f6sterreichischer Meister!<\/p>\n<p><img loading=\"lazy\" decoding=\"async\" class=\"aligncenter wp-image-981 size-large\" src=\"https:\/\/kyudo-graz.at\/wp-content\/uploads\/signal-2023-06-11-13-55-11-645-450x600.jpg\" alt=\"\" width=\"450\" height=\"600\" srcset=\"https:\/\/kyudo-graz.at\/wp-content\/uploads\/signal-2023-06-11-13-55-11-645-450x600.jpg 450w, https:\/\/kyudo-graz.at\/wp-content\/uploads\/signal-2023-06-11-13-55-11-645-225x300.jpg 225w, https:\/\/kyudo-graz.at\/wp-content\/uploads\/signal-2023-06-11-13-55-11-645-768x1024.jpg 768w, https:\/\/kyudo-graz.at\/wp-content\/uploads\/signal-2023-06-11-13-55-11-645-1152x1536.jpg 1152w, https:\/\/kyudo-graz.at\/wp-content\/uploads\/signal-2023-06-11-13-55-11-645.jpg 1200w\" sizes=\"auto, (max-width: 450px) 100vw, 450px\" \/><\/p>\n<p><strong>\u00d6sterreichische Kyudomeisterschaft 2022<\/strong><\/p>\n<ul>\n<li>Unser Vereinsteam (Walter Becke, Cesar Cano, J\u00fcrgen Rajh) gewann sowohl die Vorausscheidung, wie auch das Finale im Teambewerb!<\/li>\n<li>2 von 3 Sch\u00fctzen qualifizierten sich f\u00fcr das Finale im Einzelbewerb<\/li>\n<li>Im Einzelbewerb musste um die Pl\u00e4tze 1 bis 3 gestochen werden. Cesar Cano, 2. Dan erreichte den 3. Platz im Einzelbewerb!<\/li>\n<\/ul>\n<p style=\"text-align: center;\"><img loading=\"lazy\" decoding=\"async\" class=\"aligncenter wp-image-960 size-large\" src=\"https:\/\/kyudo-graz.at\/wp-content\/uploads\/OesterreichischeMeisterschaft2022_kl-800x600.jpg\" alt=\"\" width=\"800\" height=\"600\" srcset=\"https:\/\/kyudo-graz.at\/wp-content\/uploads\/OesterreichischeMeisterschaft2022_kl-800x600.jpg 800w, https:\/\/kyudo-graz.at\/wp-content\/uploads\/OesterreichischeMeisterschaft2022_kl-300x225.jpg 300w, https:\/\/kyudo-graz.at\/wp-content\/uploads\/OesterreichischeMeisterschaft2022_kl-768x576.jpg 768w, https:\/\/kyudo-graz.at\/wp-content\/uploads\/OesterreichischeMeisterschaft2022_kl.jpg 1200w\" sizes=\"auto, (max-width: 800px) 100vw, 800px\" \/>Vereinsteam 2022 (von links nach rechts: Walter Becke, Cesar Cano, J\u00fcrgen Rajh)<\/p>\n<p><strong>\u00d6sterreichische Kyudomeisterschaft 2021<\/strong><\/p>\n<ul>\n<li>Das <strong>Grazer Team<\/strong> erreichte mit 14 Gesamttreffern den 5. Platz\u00a0<\/li>\n<li>3 von 4 Grazer Sch\u00fctzen konnten sich f\u00fcr den Einzelbewerb qualifizieren<\/li>\n<li>Im Einzelbewerb musste um die Pl\u00e4tze 2 und 3 gestochen werden, J\u00fcrgen Rajh, 1. Dan konnte sich leider nicht durchsetzen (Platz 4)<\/li>\n<li>Walter Becke, 3. Dan gewann den Stilbewerb<\/li>\n<\/ul>\n<p><strong>\u00d6sterreichische Kyudomeisterschaft 2020<\/strong><\/p>\n<ul>\n<li>Das <strong>Grazer Team<\/strong> erreichte mit 20 Gesamttreffern und nach Stechen den <strong>2. Platz<\/strong> (hinter Salzburg mit 21 Treffern und vor Momiji Kai Wien mit ebenfalls 20 Treffern)<\/li>\n<li>Cesar Cano, 2. Dan war im Teambewerb der beste Einzelsch\u00fctze mit 10 Treffern von 16 Pfeilen<\/li>\n<li>Cesar Cano, 2. Dan und Harald Schrammel, 1. Dan qualifizierten sich f\u00fcr den Einzelbewerb<\/li>\n<\/ul>\n\n\n<figure class=\"wp-block-image size-large\"><img loading=\"lazy\" decoding=\"async\" width=\"800\" height=\"600\" src=\"https:\/\/kyudo-graz.at\/wp-content\/uploads\/OeKM2020-800x600.jpg\" alt=\"\" class=\"wp-image-857\" srcset=\"https:\/\/kyudo-graz.at\/wp-content\/uploads\/OeKM2020-800x600.jpg 800w, https:\/\/kyudo-graz.at\/wp-content\/uploads\/OeKM2020-300x225.jpg 300w, https:\/\/kyudo-graz.at\/wp-content\/uploads\/OeKM2020-768x576.jpg 768w, https:\/\/kyudo-graz.at\/wp-content\/uploads\/OeKM2020.jpg 1200w\" sizes=\"auto, (max-width: 800px) 100vw, 800px\" \/><figcaption class=\"wp-element-caption\">Vereinsteam 2020<\/figcaption><\/figure>\n","protected":false},"excerpt":{"rendered":"<p>Ank\u00fcndigungen: Besucher:innen sind jederzeit herzlich willkommen.Um kurze Voranmeldung wird gebeten -&gt; Kontakt Anf\u00e4ngerkurse sind quartalsweise m\u00f6glich &#8211; Kosten: 90\u20ac Neuigkeiten: Weiterentwicklung im Verein Schie\u00dfen mit Kimono ist nun regelm\u00e4\u00dfiger Trainingsbestandteil! Erfolge 2025 \u00f6sterreichische Kyudo-Meisterschaft 2025 Das Vereinsteam belegt den 3. Platz im Teambewerb erfolge 2024 Pr\u00fcfungserfolge 2024 Cesar Cano besteht<\/p>\n<div class=\"belowpost\"><a class=\"btnmore icon-arrow\" href=\"https:\/\/kyudo-graz.at\/\"><span>Read More<\/span><\/a><\/div>\n","protected":false},"author":1,"featured_media":0,"parent":0,"menu_order":0,"comment_status":"open","ping_status":"closed","template":"","meta":{"footnotes":""},"class_list":["post-24","page","type-page","status-publish","hentry"],"_links":{"self":[{"href":"https:\/\/kyudo-graz.at\/index.php\/wp-json\/wp\/v2\/pages\/24","targetHints":{"allow":["GET"]}}],"collection":[{"href":"https:\/\/kyudo-graz.at\/index.php\/wp-json\/wp\/v2\/pages"}],"about":[{"href":"https:\/\/kyudo-graz.at\/index.php\/wp-json\/wp\/v2\/types\/page"}],"author":[{"embeddable":true,"href":"https:\/\/kyudo-graz.at\/index.php\/wp-json\/wp\/v2\/users\/1"}],"replies":[{"embeddable":true,"href":"https:\/\/kyudo-graz.at\/index.php\/wp-json\/wp\/v2\/comments?post=24"}],"version-history":[{"count":83,"href":"https:\/\/kyudo-graz.at\/index.php\/wp-json\/wp\/v2\/pages\/24\/revisions"}],"predecessor-version":[{"id":1009,"href":"https:\/\/kyudo-graz.at\/index.php\/wp-json\/wp\/v2\/pages\/24\/revisions\/1009"}],"wp:attachment":[{"href":"https:\/\/kyudo-graz.at\/index.php\/wp-json\/wp\/v2\/media?parent=24"}],"curies":[{"name":"wp","href":"https:\/\/api.w.org\/{rel}","templated":true}]}}